{"id":617,"date":"2025-02-23T16:14:56","date_gmt":"2025-02-23T15:14:56","guid":{"rendered":"https:\/\/ecuiculturarte.com\/?page_id=617"},"modified":"2026-04-06T01:26:22","modified_gmt":"2026-04-06T00:26:22","slug":"sementales-2","status":"publish","type":"page","link":"https:\/\/ecuiculturarte.com\/index.php\/sementales-2\/","title":{"rendered":"Sementales"},"content":{"rendered":"\n<div class=\"wp-block-columns alignfull\">\n<div class=\"wp-block-column\" style=\"flex-basis:25%\">\n<p class=\"has-text-align-right\"><a href=\"https:\/\/ecuiculturarte.com\/\">i &gt;<\/a><\/p>\n<\/div>\n\n\n\n<div class=\"wp-block-column\" style=\"flex-basis:100%\">\n<figure class=\"wp-block-image alignwide size-full\"><img loading=\"lazy\" width=\"822\" height=\"595\" src=\"https:\/\/ecuiculturarte.com\/wp-content\/uploads\/2025\/02\/1a-PAULUSsn-A4.jpg\" alt=\"\" class=\"wp-image-500\" srcset=\"https:\/\/ecuiculturarte.com\/wp-content\/uploads\/2025\/02\/1a-PAULUSsn-A4.jpg 822w, https:\/\/ecuiculturarte.com\/wp-content\/uploads\/2025\/02\/1a-PAULUSsn-A4-300x217.jpg 300w, https:\/\/ecuiculturarte.com\/wp-content\/uploads\/2025\/02\/1a-PAULUSsn-A4-768x556.jpg 768w\" sizes=\"(max-width: 822px) 100vw, 822px\" \/><\/figure>\n<\/div>\n\n\n\n<div class=\"wp-block-column is-vertically-aligned-bottom\" style=\"flex-basis:25%\">\n<a style=\"text-decoration:none;color:white\" href=\"https:\/\/ecuiculturarte.com\/index.php\/genealogia_paulus_o\/\">Genealog\u00eda<\/a><br>\n<a style=\"text-decoration:none;color:white\" href=\"palmares_paulus_o-2\">Palmar\u00e9s<\/a><br>\n<a style=\"text-decoration:none;color:white\" href=\"galeria_paulus\">Galer\u00eda<\/a><br>\n\n\n\n<p><\/p>\n<\/div>\n<\/div>\n\n\n\n<div class=\"wp-block-columns alignfull\">\n<div class=\"wp-block-column\" style=\"flex-basis:25%\"><\/div>\n\n\n\n<div class=\"wp-block-column\" style=\"flex-basis:100%\">\n<figure class=\"wp-block-image alignwide size-full\"><img loading=\"lazy\" width=\"822\" height=\"595\" src=\"https:\/\/ecuiculturarte.com\/wp-content\/uploads\/2025\/02\/1b-SANTINO-PAG-PRINCsn.jpg\" alt=\"\" class=\"wp-image-499\" srcset=\"https:\/\/ecuiculturarte.com\/wp-content\/uploads\/2025\/02\/1b-SANTINO-PAG-PRINCsn.jpg 822w, https:\/\/ecuiculturarte.com\/wp-content\/uploads\/2025\/02\/1b-SANTINO-PAG-PRINCsn-300x217.jpg 300w, https:\/\/ecuiculturarte.com\/wp-content\/uploads\/2025\/02\/1b-SANTINO-PAG-PRINCsn-768x556.jpg 768w\" sizes=\"(max-width: 822px) 100vw, 822px\" \/><\/figure>\n\n\n\n<p><\/p>\n<\/div>\n\n\n\n<div class=\"wp-block-column is-vertically-aligned-bottom\" style=\"flex-basis:25%\">\n<a style=\"text-decoration:none;color:white\" href=\"https:\/\/ecuiculturarte.com\/index.php\/genealogia_santino_o\/\">Genealog\u00eda<\/a><br>\n<a style=\"text-decoration:none;color:white\" href=\"palmares_santino_o\n-2\">Palmar\u00e9s<\/a><br>\n<a style=\"text-decoration:none;color:white\" href=\"galeria_santino\">Galer\u00eda<\/a><br>\n<\/div>\n<\/div>\n\n\n\n<div class=\"wp-block-columns alignfull\">\n<div class=\"wp-block-column\" style=\"flex-basis:25%\"><\/div>\n\n\n\n<div class=\"wp-block-column\" style=\"flex-basis:100%\">\n<figure class=\"wp-block-image alignwide size-full\"><img loading=\"lazy\" width=\"822\" height=\"595\" src=\"https:\/\/ecuiculturarte.com\/wp-content\/uploads\/2025\/07\/PRINCIPAL-1.jpg\" alt=\"\" class=\"wp-image-40220\" srcset=\"https:\/\/ecuiculturarte.com\/wp-content\/uploads\/2025\/07\/PRINCIPAL-1.jpg 822w, https:\/\/ecuiculturarte.com\/wp-content\/uploads\/2025\/07\/PRINCIPAL-1-300x217.jpg 300w, https:\/\/ecuiculturarte.com\/wp-content\/uploads\/2025\/07\/PRINCIPAL-1-768x556.jpg 768w\" sizes=\"(max-width: 822px) 100vw, 822px\" \/><\/figure>\n\n\n\n<p><\/p>\n<\/div>\n\n\n\n<div class=\"wp-block-column is-vertically-aligned-bottom\" style=\"flex-basis:25%\">\n<a style=\"text-decoration:none;color:white\" href=\"https:\/\/ecuiculturarte.com\/index.php\/genealogia_es_nawal\/\">Genealog\u00eda<\/a><br>\n<a style=\"text-decoration:none;color:white\" href=\"palmares_es_nawal\n-2\">Palmar\u00e9s<\/a><br>\n<a style=\"text-decoration:none;color:white\" href=\"galeria_es_nawal\">Galer\u00eda<\/a><br>\n<\/div>\n<\/div>\n","protected":false},"excerpt":{"rendered":"<p>i &gt; Genealog\u00eda Palmar\u00e9s Galer\u00eda Genealog\u00eda Palmar\u00e9s Galer\u00eda Genealog\u00eda Palmar\u00e9s Galer\u00eda<\/p>\n","protected":false},"author":1,"featured_media":0,"parent":0,"menu_order":0,"comment_status":"closed","ping_status":"closed","template":"","meta":[],"_links":{"self":[{"href":"https:\/\/ecuiculturarte.com\/index.php\/wp-json\/wp\/v2\/pages\/617"}],"collection":[{"href":"https:\/\/ecuiculturarte.com\/index.php\/wp-json\/wp\/v2\/pages"}],"about":[{"href":"https:\/\/ecuiculturarte.com\/index.php\/wp-json\/wp\/v2\/types\/page"}],"author":[{"embeddable":true,"href":"https:\/\/ecuiculturarte.com\/index.php\/wp-json\/wp\/v2\/users\/1"}],"replies":[{"embeddable":true,"href":"https:\/\/ecuiculturarte.com\/index.php\/wp-json\/wp\/v2\/comments?post=617"}],"version-history":[{"count":26,"href":"https:\/\/ecuiculturarte.com\/index.php\/wp-json\/wp\/v2\/pages\/617\/revisions"}],"predecessor-version":[{"id":218671,"href":"https:\/\/ecuiculturarte.com\/index.php\/wp-json\/wp\/v2\/pages\/617\/revisions\/218671"}],"wp:attachment":[{"href":"https:\/\/ecuiculturarte.com\/index.php\/wp-json\/wp\/v2\/media?parent=617"}],"curies":[{"name":"wp","href":"https:\/\/api.w.org\/{rel}","templated":true}]}}