{"id":832,"date":"2025-04-06T19:18:45","date_gmt":"2025-04-06T18:18:45","guid":{"rendered":"https:\/\/ecuiculturarte.com\/?page_id=832"},"modified":"2026-04-06T01:24:58","modified_gmt":"2026-04-06T00:24:58","slug":"nacimientos","status":"publish","type":"page","link":"https:\/\/ecuiculturarte.com\/index.php\/nacimientos\/","title":{"rendered":"Nacimientos"},"content":{"rendered":"\n<div class=\"wp-block-columns alignfull\">\n<div class=\"wp-block-column\" style=\"flex-basis:25%\"><\/div>\n\n\n\n<div class=\"wp-block-column\" style=\"flex-basis:100%\">\n<figure class=\"wp-block-image alignwide size-full\"><img loading=\"lazy\" width=\"822\" height=\"595\" src=\"https:\/\/ecuiculturarte.com\/wp-content\/uploads\/2025\/04\/ES-PALMIRAH.jpg\" alt=\"\" class=\"wp-image-833\" srcset=\"https:\/\/ecuiculturarte.com\/wp-content\/uploads\/2025\/04\/ES-PALMIRAH.jpg 822w, https:\/\/ecuiculturarte.com\/wp-content\/uploads\/2025\/04\/ES-PALMIRAH-300x217.jpg 300w, https:\/\/ecuiculturarte.com\/wp-content\/uploads\/2025\/04\/ES-PALMIRAH-768x556.jpg 768w\" sizes=\"(max-width: 822px) 100vw, 822px\" \/><\/figure>\n\n\n\n<p><\/p>\n<\/div>\n\n\n\n<div class=\"wp-block-column is-vertically-aligned-bottom\" style=\"flex-basis:25%\">\n<a style=\"text-decoration:none;color:white\" href=\"https:\/\/ecuiculturarte.com\/index.php\/gen_palmirah\/\">Genealog\u00eda<\/a><br>\n\n<a style=\"text-decoration:none;color:white\" href=\"galeria_palmirah\">Galer\u00eda<\/a><br>\n\n\n\n<p><\/p>\n<\/div>\n<\/div>\n\n\n\n<div class=\"wp-block-columns alignfull\">\n<div class=\"wp-block-column\" style=\"flex-basis:25%\"><\/div>\n\n\n\n<div class=\"wp-block-column\" style=\"flex-basis:100%\">\n<figure class=\"wp-block-image alignwide size-full\"><img loading=\"lazy\" width=\"822\" height=\"595\" src=\"https:\/\/ecuiculturarte.com\/wp-content\/uploads\/2025\/04\/SORAYA-PAG-PRINC.jpg\" alt=\"\" class=\"wp-image-942\" srcset=\"https:\/\/ecuiculturarte.com\/wp-content\/uploads\/2025\/04\/SORAYA-PAG-PRINC.jpg 822w, https:\/\/ecuiculturarte.com\/wp-content\/uploads\/2025\/04\/SORAYA-PAG-PRINC-300x217.jpg 300w, https:\/\/ecuiculturarte.com\/wp-content\/uploads\/2025\/04\/SORAYA-PAG-PRINC-768x556.jpg 768w\" sizes=\"(max-width: 822px) 100vw, 822px\" \/><\/figure>\n<\/div>\n\n\n\n<div class=\"wp-block-column is-vertically-aligned-bottom\" style=\"flex-basis:25%\">\n<a style=\"text-decoration:none;color:white\" href=\"https:\/\/ecuiculturarte.com\/index.php\/gen_soraya\/\">Genealog\u00eda<\/a><br>\n\n<a style=\"text-decoration:none;color:white\" href=\"galeria_soraya\">Galer\u00eda<\/a><br>\n\n\n\n<p><\/p>\n<\/div>\n<\/div>\n","protected":false},"excerpt":{"rendered":"<p>Genealog\u00eda Galer\u00eda Genealog\u00eda Galer\u00eda<\/p>\n","protected":false},"author":2,"featured_media":0,"parent":0,"menu_order":0,"comment_status":"closed","ping_status":"closed","template":"","meta":[],"_links":{"self":[{"href":"https:\/\/ecuiculturarte.com\/index.php\/wp-json\/wp\/v2\/pages\/832"}],"collection":[{"href":"https:\/\/ecuiculturarte.com\/index.php\/wp-json\/wp\/v2\/pages"}],"about":[{"href":"https:\/\/ecuiculturarte.com\/index.php\/wp-json\/wp\/v2\/types\/page"}],"author":[{"embeddable":true,"href":"https:\/\/ecuiculturarte.com\/index.php\/wp-json\/wp\/v2\/users\/2"}],"replies":[{"embeddable":true,"href":"https:\/\/ecuiculturarte.com\/index.php\/wp-json\/wp\/v2\/comments?post=832"}],"version-history":[{"count":15,"href":"https:\/\/ecuiculturarte.com\/index.php\/wp-json\/wp\/v2\/pages\/832\/revisions"}],"predecessor-version":[{"id":218666,"href":"https:\/\/ecuiculturarte.com\/index.php\/wp-json\/wp\/v2\/pages\/832\/revisions\/218666"}],"wp:attachment":[{"href":"https:\/\/ecuiculturarte.com\/index.php\/wp-json\/wp\/v2\/media?parent=832"}],"curies":[{"name":"wp","href":"https:\/\/api.w.org\/{rel}","templated":true}]}}